{"id":369,"date":"2020-12-07T14:16:07","date_gmt":"2020-12-07T13:16:07","guid":{"rendered":"https:\/\/www.biocompost.se\/nyheter\/"},"modified":"2021-03-02T13:44:54","modified_gmt":"2021-03-02T12:44:54","slug":"news","status":"publish","type":"page","link":"https:\/\/www.biocompost.se\/en\/news\/","title":{"rendered":"News"},"content":{"rendered":"<div id=\"cs-content\" class=\"cs-content\"><\/div>\n","protected":false},"excerpt":{"rendered":"<p>News Read our latest news Biocompost makes a feasibility study for &#8220;\u00c5lands Tr\u00e4dg\u00e5rdshall&#8221; 2021-03-10Nyhet<\/p>\n","protected":false},"author":1,"featured_media":0,"parent":0,"menu_order":0,"comment_status":"closed","ping_status":"closed","template":"template-blank-4.php","meta":{"footnotes":""},"class_list":["post-369","page","type-page","status-publish","hentry","no-post-thumbnail"],"_links":{"self":[{"href":"https:\/\/www.biocompost.se\/en\/wp-json\/wp\/v2\/pages\/369","targetHints":{"allow":["GET"]}}],"collection":[{"href":"https:\/\/www.biocompost.se\/en\/wp-json\/wp\/v2\/pages"}],"about":[{"href":"https:\/\/www.biocompost.se\/en\/wp-json\/wp\/v2\/types\/page"}],"author":[{"embeddable":true,"href":"https:\/\/www.biocompost.se\/en\/wp-json\/wp\/v2\/users\/1"}],"replies":[{"embeddable":true,"href":"https:\/\/www.biocompost.se\/en\/wp-json\/wp\/v2\/comments?post=369"}],"version-history":[{"count":5,"href":"https:\/\/www.biocompost.se\/en\/wp-json\/wp\/v2\/pages\/369\/revisions"}],"predecessor-version":[{"id":378,"href":"https:\/\/www.biocompost.se\/en\/wp-json\/wp\/v2\/pages\/369\/revisions\/378"}],"wp:attachment":[{"href":"https:\/\/www.biocompost.se\/en\/wp-json\/wp\/v2\/media?parent=369"}],"curies":[{"name":"wp","href":"https:\/\/api.w.org\/{rel}","templated":true}]}}